{"id":2967,"date":"2017-11-01T14:09:04","date_gmt":"2017-11-01T11:09:04","guid":{"rendered":"https:\/\/web-dev.iptp.net\/?page_id=2967"},"modified":"2024-02-01T11:12:58","modified_gmt":"2024-02-01T08:12:58","slug":"assistant-marketing-manager","status":"publish","type":"page","link":"https:\/\/www.iptp.net\/es_ES\/careers\/assistant-marketing-manager\/","title":{"rendered":"Asistente de Gerente de Mercadeo"},"content":{"rendered":"<p><span id=\"result_box\" class=\"\" lang=\"es\">Como Asistente de Gerente de Mercadeo, usted ser&aacute; responsable de ayudar a desarrollar y ejecutar las tareas del Departamento de Mercadeo. Trabajar&aacute; en m&uacute;ltiples proyectos con muchas personas en todos nuestros departamentos internacionales. Como tal, este puesto requiere un alto nivel de iniciativa, la capacidad de organizar y priorizar m&uacute;ltiples proyectos de forma simult&aacute;nea en cuanto a flexibilidad, fechas de entrega ajustadas, excelente atenci&oacute;n al detalle, seguimiento incre&iacute;ble y una comunicaci&oacute;n n&iacute;tida.<\/span><\/p><p><span class=\"\">Apoyar al Gerente de Mercadeo en la ejecuci&oacute;n y seguimiento de todos los correos electr&oacute;nicos de mercadeo, redes sociales, proyectos especiales e iniciativas ad-hoc.<\/span> <span class=\"\">Responsable de la ejecuci&oacute;n diaria de la gesti&oacute;n de campa&ntilde;as de mercadeo.<\/span> <span class=\"\">Gesti&oacute;n del calendario de la empresa, asistencia en investigaci&oacute;n para viajes y alojamiento.<\/span><\/p><p><strong>Calificaciones:<\/strong><\/p><ul>\n<li>Licenciatura conclu&iacute;da<\/li>\n<li>Experiencia con plataformas de email<\/li>\n<li>Excelentes habilidades de MS Office (Excel, Word)<\/li>\n<li><span id=\"result_box\" class=\"\" lang=\"es\"><span class=\"\">Proactivo con un alto nivel de iniciativa y actitud de &ldquo;poder hacer&rdquo;<\/span><\/span><\/li>\n<li>Altamente organizado<\/li>\n<li><span id=\"result_box\" class=\"short_text\" lang=\"es\"><span class=\"\">Excelente atenci&oacute;n al detalle<\/span><\/span><\/li>\n<li><span id=\"result_box\" class=\"short_text\" lang=\"es\"><span class=\"\">Fuertes habilidades interpersonales<\/span><\/span><\/li>\n<li><span id=\"result_box\" class=\"short_text\" lang=\"es\"><span class=\"\">Capacidad de trabajar horas flexibles<\/span><\/span><\/li>\n<\/ul><p><strong>Contacto<\/strong><\/p><p><span id=\"result_box\" class=\"\" lang=\"es\">Puede enviar su curr&iacute;culum a las direcci&oacute;n de correo electr&oacute;nico : <span class=\"sp-user\">hr<\/span><span class=\"sp-domain\">iptp.vn<\/span>. <span class=\"\">Se considerar&aacute;n todos los candidatos y se proporcionar&aacute;n los comentarios apropiados.<\/span><\/span><\/p><p><span id=\"result_box\" class=\"\" lang=\"es\"><span class=\"\">Los solicitantes exitosos ser&aacute;n contactados poco despu&eacute;s para concertar una entrevista.<\/span><\/span><\/p>\n","protected":false},"excerpt":{"rendered":"<p> Como Asistente de Gerente de Mercadeo, usted ser\u00e1 responsable de ayudar a desarrollar y ejecutar las tareas del Departamento de Mercadeo. Trabajar\u00e1 en m\u00faltiples proyectos con muchas personas en todos nuestros &#8230;<\/p>\n","protected":false},"author":1,"featured_media":0,"parent":75,"menu_order":0,"comment_status":"closed","ping_status":"closed","template":"","meta":[],"acf":[],"aioseo_notices":[],"_links":{"self":[{"href":"https:\/\/www.iptp.net\/es_ES\/wp-json\/wp\/v2\/pages\/2967"}],"collection":[{"href":"https:\/\/www.iptp.net\/es_ES\/wp-json\/wp\/v2\/pages"}],"about":[{"href":"https:\/\/www.iptp.net\/es_ES\/wp-json\/wp\/v2\/types\/page"}],"author":[{"embeddable":true,"href":"https:\/\/www.iptp.net\/es_ES\/wp-json\/wp\/v2\/users\/1"}],"replies":[{"embeddable":true,"href":"https:\/\/www.iptp.net\/es_ES\/wp-json\/wp\/v2\/comments?post=2967"}],"version-history":[{"count":17,"href":"https:\/\/www.iptp.net\/es_ES\/wp-json\/wp\/v2\/pages\/2967\/revisions"}],"predecessor-version":[{"id":29783,"href":"https:\/\/www.iptp.net\/es_ES\/wp-json\/wp\/v2\/pages\/2967\/revisions\/29783"}],"up":[{"embeddable":true,"href":"https:\/\/www.iptp.net\/es_ES\/wp-json\/wp\/v2\/pages\/75"}],"wp:attachment":[{"href":"https:\/\/www.iptp.net\/es_ES\/wp-json\/wp\/v2\/media?parent=2967"}],"curies":[{"name":"wp","href":"https:\/\/api.w.org\/{rel}","templated":true}]}}