{"id":2967,"date":"2017-11-01T14:09:04","date_gmt":"2017-11-01T11:09:04","guid":{"rendered":"https:\/\/web-dev.iptp.net\/?page_id=2967"},"modified":"2024-02-01T11:12:58","modified_gmt":"2024-02-01T08:12:58","slug":"assistant-marketing-manager","status":"publish","type":"page","link":"https:\/\/www.iptp.net\/pt_PT\/careers\/assistant-marketing-manager\/","title":{"rendered":"Gerente Assistente de Marketing"},"content":{"rendered":"<p>Como assistente de gerente de marketing, voc&ecirc; ser&aacute; respons&aacute;vel por ajudar a desenvolver e executar os deveres do departamento de marketing. Voc&ecirc; estar&aacute; trabalhando em v&aacute;rios projetos com muitas pessoas em todos os nossos departamentos internacionais. Como tal, esta posi&ccedil;&atilde;o requer um alto n&iacute;vel de iniciativa, a capacidade de organizar e priorizar v&aacute;rios projetos simultaneamente em flexibilidade, prazos apertados, excelente aten&ccedil;&atilde;o aos detalhes, acompanhamento incr&iacute;vel e comunica&ccedil;&atilde;o cristalina.<\/p><p>Suporte ao Gerente de Marketing na execu&ccedil;&atilde;o e acompanhamento de todos os e-mails de marketing, m&iacute;dias sociais, projetos especiais e iniciativas ad-hoc. Respons&aacute;vel pela execu&ccedil;&atilde;o do dia a dia de gerenciamento de campanhas de marketing. Calend&aacute;rio administrativo da empresa Auxiliando na pesquisa de viagens e hospedagem.<\/p><p><strong>Qualifica&ccedil;&otilde;es:<\/strong><\/p><ul>\n<li>Diploma de bacharel<\/li>\n<li>Experi&ecirc;ncia com plataformas de email<\/li>\n<li>Excelentes habilidades em MS Office (Excel, Word)<\/li>\n<li>Self-starter com um alto n&iacute;vel de iniciativa e atitude positiva<\/li>\n<li>Altamente organizado<\/li>\n<li>Excelente aten&ccedil;&atilde;o aos detalhes<\/li>\n<li>Fortes habilidades interpessoais<\/li>\n<li>Capacidade de trabalhar com hor&aacute;rios flex&iacute;veis<\/li>\n<\/ul><p><strong>Contato<\/strong><\/p><p>Voc&ecirc; pode enviar seu curr&iacute;culo para endere&ccedil;os de e-mail no endere&ccedil;o <span class=\"sp-user\">hr<\/span><span class=\"sp-domain\">iptp.vn<\/span>. Todos os candidatos ser&atilde;o considerados e o feedback apropriado ser&aacute; fornecido.<\/p><p>Os candidatos selecionados ser&atilde;o contatados logo em seguida para marcar uma entrevista.<\/p><p>&nbsp;<\/p>\n","protected":false},"excerpt":{"rendered":"<p>Como assistente de gerente de marketing, voc\u00ea ser\u00e1 respons\u00e1vel por ajudar a desenvolver e executar os deveres do departamento de marketing. Voc\u00ea estar\u00e1 trabalhando em v\u00e1rios projetos com muitas pessoas em todos os nossos departamentos internacionais&#8230;.<\/p>\n","protected":false},"author":1,"featured_media":0,"parent":75,"menu_order":0,"comment_status":"closed","ping_status":"closed","template":"","meta":[],"acf":[],"aioseo_notices":[],"_links":{"self":[{"href":"https:\/\/www.iptp.net\/pt_PT\/wp-json\/wp\/v2\/pages\/2967"}],"collection":[{"href":"https:\/\/www.iptp.net\/pt_PT\/wp-json\/wp\/v2\/pages"}],"about":[{"href":"https:\/\/www.iptp.net\/pt_PT\/wp-json\/wp\/v2\/types\/page"}],"author":[{"embeddable":true,"href":"https:\/\/www.iptp.net\/pt_PT\/wp-json\/wp\/v2\/users\/1"}],"replies":[{"embeddable":true,"href":"https:\/\/www.iptp.net\/pt_PT\/wp-json\/wp\/v2\/comments?post=2967"}],"version-history":[{"count":17,"href":"https:\/\/www.iptp.net\/pt_PT\/wp-json\/wp\/v2\/pages\/2967\/revisions"}],"predecessor-version":[{"id":29783,"href":"https:\/\/www.iptp.net\/pt_PT\/wp-json\/wp\/v2\/pages\/2967\/revisions\/29783"}],"up":[{"embeddable":true,"href":"https:\/\/www.iptp.net\/pt_PT\/wp-json\/wp\/v2\/pages\/75"}],"wp:attachment":[{"href":"https:\/\/www.iptp.net\/pt_PT\/wp-json\/wp\/v2\/media?parent=2967"}],"curies":[{"name":"wp","href":"https:\/\/api.w.org\/{rel}","templated":true}]}}