{"id":2983,"date":"2017-11-01T14:28:16","date_gmt":"2017-11-01T11:28:16","guid":{"rendered":"https:\/\/web-dev.iptp.net\/?page_id=2983"},"modified":"2023-08-07T10:02:46","modified_gmt":"2023-08-07T07:02:46","slug":"sales-manager","status":"publish","type":"page","link":"https:\/\/www.iptp.net\/pt_PT\/careers\/sales-manager\/","title":{"rendered":"Gerente de Vendas"},"content":{"rendered":"<h5>Requisitos:&nbsp;<\/h5><ul>\n<li>Prospec&ccedil;&atilde;o de novos neg&oacute;cios atrav&eacute;s de solicita&ccedil;&atilde;o, networking, cold-calling<\/li>\n<li>Atender ou exceder as metas de vendas e as margens de lucro estabelecidas mensal, trimestral e anual<\/li>\n<li>Manter uma lista ativa de contas para garantir o desenvolvimento cont&iacute;nuo do relacionamento<\/li>\n<li>Manter e garantir neg&oacute;cios repetidos por meio da satisfa&ccedil;&atilde;o e fidelidade do cliente<\/li>\n<li>Manter o conhecimento das tend&ecirc;ncias do mercado, particularmente entre os concorrentes.<\/li>\n<li>Realiza outras tarefas conforme solicitado pelo supervisor.<\/li>\n<li>Experi&ecirc;ncia na condu&ccedil;&atilde;o de conversas telef&ocirc;nicas, conhecimento da &eacute;tica da comunica&ccedil;&atilde;o empresarial e correspond&ecirc;ncia comercial.<\/li>\n<li>Habilidades t&eacute;cnicas em TI (ensino t&eacute;cnico &eacute; bem-vindo)<\/li>\n<li>A experi&ecirc;ncia de vendas quentes &eacute; bem vinda.<\/li>\n<li>Qualidades pessoais: perseveran&ccedil;a, capacidade de aprender, sociabilidade, precis&atilde;o, habilidades de escuta, foco nos resultados e sucesso.<\/li>\n<li>M&iacute;nimo 1-3 anos de experi&ecirc;ncia em posi&ccedil;&atilde;o semelhante.<\/li>\n<li>Ingl&ecirc;s verbal e escrito fluente.<\/li>\n<li>Permiss&atilde;o para viver e trabalhar no Vietn&atilde;<\/li>\n<\/ul><h5>Deveres:<\/h5><ul>\n<li>Busca ativa e atra&ccedil;&atilde;o de novos clientes.<\/li>\n<li>Condu&ccedil;&atilde;o de negocia&ccedil;&otilde;es.<\/li>\n<li>Desenvolvimento e manuten&ccedil;&atilde;o de base de clientes<\/li>\n<li>Participa&ccedil;&atilde;o na elabora&ccedil;&atilde;o de contratos, propostas comerciais, acompanhamento da execu&ccedil;&atilde;o de contratos, controle de documentos, relat&oacute;rios.<\/li>\n<li>Representa&ccedil;&atilde;o da empresa em congressos e eventos especializados.<\/li>\n<\/ul><hr><h6>Contato<\/h6><p>Voc&ecirc; pode enviar seu curr&iacute;culo para endere&ccedil;os de e-mail <a><span class=\"sp-user\">hr<\/span><span class=\"sp-domain\">iptp.vn<\/span><\/a>. Todos os candidatos ser&atilde;o considerados e o feedback apropriado ser&aacute; fornecido.<br>\nOs candidatos selecionados ser&atilde;o contatados logo em seguida para marcar uma entrevista.<\/p><hr>\n","protected":false},"excerpt":{"rendered":"<p> Requisitos:\u00a0 <\/p>\n<p> \t Prospec\u00e7\u00e3o de novos neg\u00f3cios atrav\u00e9s de solicita\u00e7\u00e3o, networking, cold-calling<br \/>\n \t Atender ou exceder as metas de vendas e as margens de lucro estabelecidas mensal, trimestral e anual<br \/>\n \t Mant&#8230;<\/p>\n","protected":false},"author":1,"featured_media":0,"parent":75,"menu_order":0,"comment_status":"closed","ping_status":"closed","template":"","meta":[],"acf":[],"aioseo_notices":[],"_links":{"self":[{"href":"https:\/\/www.iptp.net\/pt_PT\/wp-json\/wp\/v2\/pages\/2983"}],"collection":[{"href":"https:\/\/www.iptp.net\/pt_PT\/wp-json\/wp\/v2\/pages"}],"about":[{"href":"https:\/\/www.iptp.net\/pt_PT\/wp-json\/wp\/v2\/types\/page"}],"author":[{"embeddable":true,"href":"https:\/\/www.iptp.net\/pt_PT\/wp-json\/wp\/v2\/users\/1"}],"replies":[{"embeddable":true,"href":"https:\/\/www.iptp.net\/pt_PT\/wp-json\/wp\/v2\/comments?post=2983"}],"version-history":[{"count":31,"href":"https:\/\/www.iptp.net\/pt_PT\/wp-json\/wp\/v2\/pages\/2983\/revisions"}],"predecessor-version":[{"id":30898,"href":"https:\/\/www.iptp.net\/pt_PT\/wp-json\/wp\/v2\/pages\/2983\/revisions\/30898"}],"up":[{"embeddable":true,"href":"https:\/\/www.iptp.net\/pt_PT\/wp-json\/wp\/v2\/pages\/75"}],"wp:attachment":[{"href":"https:\/\/www.iptp.net\/pt_PT\/wp-json\/wp\/v2\/media?parent=2983"}],"curies":[{"name":"wp","href":"https:\/\/api.w.org\/{rel}","templated":true}]}}