{"id":412,"date":"2019-03-01T11:35:26","date_gmt":"2019-03-01T08:35:26","guid":{"rendered":"https:\/\/web-mng.iptp.com\/?page_id=412"},"modified":"2026-04-07T12:10:07","modified_gmt":"2026-04-07T09:10:07","slug":"domain-registration","status":"publish","type":"page","link":"https:\/\/www.iptp.net\/pt_PT\/hosting\/domain-registration\/","title":{"rendered":"Registro do Dom\u00ednio"},"content":{"rendered":"<p><strong>Passo1: <\/strong>Escolher um endere&ccedil;o de site (nome de dom&iacute;nio) &eacute; o primeiro passo para a cria&ccedil;&atilde;o de um website.<\/p><p><strong>Passo2:&nbsp;<\/strong>Pergunte ao nosso departamento de vendas via <a href=\"#\" class=\"show-popupchat\">web chat&nbsp;<\/a>para proceder ao registo do seu dom&iacute;nio.<\/p><hr>\n","protected":false},"excerpt":{"rendered":"<p> Passo1:  Escolher um endere\u00e7o de site (nome de dom\u00ednio) \u00e9 o primeiro passo para a cria\u00e7\u00e3o de um website.<\/p>\n<p> Passo2:\u00a0 Pergunte ao nosso departamento de vendas via <a href=\"http:\/\/webchat.iptp.net\/chat\/2\/index.php\" targe...\n<\/p>\n","protected":false},"author":1,"featured_media":0,"parent":404,"menu_order":0,"comment_status":"closed","ping_status":"closed","template":"","meta":[],"acf":[],"aioseo_notices":[],"_links":{"self":[{"href":"https:\/\/www.iptp.net\/pt_PT\/wp-json\/wp\/v2\/pages\/412"}],"collection":[{"href":"https:\/\/www.iptp.net\/pt_PT\/wp-json\/wp\/v2\/pages"}],"about":[{"href":"https:\/\/www.iptp.net\/pt_PT\/wp-json\/wp\/v2\/types\/page"}],"author":[{"embeddable":true,"href":"https:\/\/www.iptp.net\/pt_PT\/wp-json\/wp\/v2\/users\/1"}],"replies":[{"embeddable":true,"href":"https:\/\/www.iptp.net\/pt_PT\/wp-json\/wp\/v2\/comments?post=412"}],"version-history":[{"count":67,"href":"https:\/\/www.iptp.net\/pt_PT\/wp-json\/wp\/v2\/pages\/412\/revisions"}],"predecessor-version":[{"id":39466,"href":"https:\/\/www.iptp.net\/pt_PT\/wp-json\/wp\/v2\/pages\/412\/revisions\/39466"}],"up":[{"embeddable":true,"href":"https:\/\/www.iptp.net\/pt_PT\/wp-json\/wp\/v2\/pages\/404"}],"wp:attachment":[{"href":"https:\/\/www.iptp.net\/pt_PT\/wp-json\/wp\/v2\/media?parent=412"}],"curies":[{"name":"wp","href":"https:\/\/api.w.org\/{rel}","templated":true}]}}