{"id":412,"date":"2019-03-01T11:35:26","date_gmt":"2019-03-01T08:35:26","guid":{"rendered":"https:\/\/web-mng.iptp.com\/?page_id=412"},"modified":"2026-04-07T12:10:07","modified_gmt":"2026-04-07T09:10:07","slug":"domain-registration","status":"publish","type":"page","link":"https:\/\/www.iptp.net\/vi\/hosting\/domain-registration\/","title":{"rendered":"\u0110\u0103ng k\u00fd t\u00ean mi\u1ec1n"},"content":{"rendered":"<p><strong>B&#432;&#7899;c 1: <\/strong>Ch&#7885;n 1 &#273;&#7883;a ch&#7881; website (t&ecirc;n mi&#7873;n) n&oacute; l&agrave; b&#432;&#7899;c &#273;&#7847;u ti&ecirc;n &#273;&#7875; t&#7841;o 1 website.<\/p><p><strong>B&#432;&#7899;c 2: <\/strong>Li&ecirc;n h&#7879; b&#7897; ph&#7853;n Sales c&#7911;a ch&uacute;ng t&ocirc;i qua <a href=\"#\" class=\"show-popupchat\">Wechat<\/a> &#273;&#7875; ti&#7871;n h&agrave;nh &#273;&#259;ng k&yacute; t&ecirc;n mi&#7873;n c&#7911;a b&#7841;n.<\/p><hr>\n","protected":false},"excerpt":{"rendered":"<p> B\u01b0\u1edbc 1:  Ch\u1ecdn 1 \u0111\u1ecba ch\u1ec9 website (t\u00ean mi\u1ec1n) n\u00f3 l\u00e0 b\u01b0\u1edbc \u0111\u1ea7u ti\u00ean \u0111\u1ec3 t\u1ea1o 1 website.<\/p>\n<p> B\u01b0\u1edbc 2:  Li\u00ean h\u1ec7 b\u1ed9 ph\u1eadn Sales c\u1ee7a ch\u00fang t\u00f4i qua  Wechat  \u0111\u1ec3 ti\u1ebfn h&#8230;<\/p>\n","protected":false},"author":1,"featured_media":0,"parent":404,"menu_order":0,"comment_status":"closed","ping_status":"closed","template":"","meta":[],"acf":[],"aioseo_notices":[],"_links":{"self":[{"href":"https:\/\/www.iptp.net\/vi\/wp-json\/wp\/v2\/pages\/412"}],"collection":[{"href":"https:\/\/www.iptp.net\/vi\/wp-json\/wp\/v2\/pages"}],"about":[{"href":"https:\/\/www.iptp.net\/vi\/wp-json\/wp\/v2\/types\/page"}],"author":[{"embeddable":true,"href":"https:\/\/www.iptp.net\/vi\/wp-json\/wp\/v2\/users\/1"}],"replies":[{"embeddable":true,"href":"https:\/\/www.iptp.net\/vi\/wp-json\/wp\/v2\/comments?post=412"}],"version-history":[{"count":67,"href":"https:\/\/www.iptp.net\/vi\/wp-json\/wp\/v2\/pages\/412\/revisions"}],"predecessor-version":[{"id":39466,"href":"https:\/\/www.iptp.net\/vi\/wp-json\/wp\/v2\/pages\/412\/revisions\/39466"}],"up":[{"embeddable":true,"href":"https:\/\/www.iptp.net\/vi\/wp-json\/wp\/v2\/pages\/404"}],"wp:attachment":[{"href":"https:\/\/www.iptp.net\/vi\/wp-json\/wp\/v2\/media?parent=412"}],"curies":[{"name":"wp","href":"https:\/\/api.w.org\/{rel}","templated":true}]}}