{"id":8711,"date":"2019-05-14T11:07:41","date_gmt":"2019-05-14T08:07:41","guid":{"rendered":"https:\/\/web-dev.iptp.com\/?page_id=8711"},"modified":"2024-02-01T11:53:45","modified_gmt":"2024-02-01T08:53:45","slug":"full-stack-java-developer","status":"publish","type":"page","link":"https:\/\/www.iptp.net\/vi\/careers\/full-stack-java-developer\/","title":{"rendered":"Full Stack Java Developer"},"content":{"rendered":"<h5>Tr&aacute;ch nhi&#7879;m ch&iacute;nh c&#7911;a v&#7883; tr&iacute; n&agrave;y bao g&#7891;m:<\/h5><ul>\n<li>Ph&aacute;t tri&#7875;n c&aacute;c ch&#432;&#417;ng tr&igrave;nh ph&#7847;n m&#7873;m v&agrave; ti&#7879;n &iacute;ch c&#7911;a h&#7879; th&#7889;ng ERP \/ CRM.<\/li>\n<li>Xem x&eacute;t c&aacute;c code hi&#7879;n t&#7841;i v&agrave; tr&igrave;nh b&agrave;y &yacute; t&#432;&#7903;ng &#273;&#7875; c&#7843;i ti&#7871;n h&#7879; th&#7889;ng.<\/li>\n<li>S&#7843;n xu&#7845;t th&ocirc;ng s&#7889; k&#7929; thu&#7853;t chi ti&#7871;t v&agrave; b&#7893; sung c&aacute;c ch&#432;&#417;ng tr&igrave;nh code.<\/li>\n<li>Ki&#7875;m tra s&#7843;n ph&#7849;m &#273;&#7875; c&aacute;c t&igrave;nh hu&#7889;ng &#273;&#432;&#7907;c ki&#7875;m so&aacute;t v&agrave; kh&#7855;c ph&#7909;c m&#7885;i s&#7921; c&#7889; tr&#432;&#7899;c khi &#273;i v&agrave;o ho&#7841;t &#273;&#7897;ng.<\/li>\n<li>S&#7917; d&#7909;ng phi&ecirc;n b&#7843;n h&#7879; th&#7889;ng ki&#7875;m so&aacute;t.<\/li>\n<li>H&#7895; tr&#7907; chu&#7849;n b&#7883; t&agrave;i li&#7879;u h&#432;&#7899;ng d&#7851;n &#273;&agrave;o t&#7841;o cho ng&#432;&#7901;i d&ugrave;ng.<\/li>\n<li>Ch&#7883;u tr&aacute;ch nhi&#7879;m b&#7843;o tr&igrave; h&#7879; th&#7889;ng khi ho&#7841;t &#273;&#7897;ng.<\/li>\n<\/ul><h5>Y&ecirc;u c&#7847;u ch&iacute;nh:<\/h5><ul>\n<li>C&#7917; nh&acirc;n \/ th&#7841;c s&#297; khoa h&#7885;c m&aacute;y t&iacute;nh.<\/li>\n<li>C&oacute; &iacute;t nh&#7845;t 3 n&#259;m kinh nghi&#7879;m t&#7841;i m&#7897;t v&#7883; tr&iacute; t&#432;&#417;ng t&#7921;.<\/li>\n<li>C&oacute; nghi&#7879;m SmartClient, HTML, CSS &amp; jQuery, UI \/ UX.<\/li>\n<li>Ki&#7871;n th&#7913;c l&agrave;m vi&#7879;c t&#7889;t v&#7873; Java SE \/ EE.<\/li>\n<li>Thi&#7871;t k&#7871; v&agrave; tri&#7875;n khai c&#417; s&#7903; d&#7919; li&#7879;u &ndash; M&aacute;y ch&#7911; SQL (PostgreSQL, MySQL).<\/li>\n<li>Ki&#7871;n th&#7913;c l&agrave;m vi&#7879;c v&#7873; c&aacute;c m&#7851;u thi&#7871;t k&#7871;.<\/li>\n<li>Kinh nghi&#7879;m v&#7899;i c&aacute;c c&ocirc;ng c&#7909; b&aacute;o c&aacute;o nh&#432;  Jasper, Crystal.<\/li>\n<li>Kinh nghi&#7879;m v&#7899;i c&aacute;c c&ocirc;ng c&#7909; CI \/ CD v&agrave; k&#7929; thu&#7853;t testingl&agrave; m&#7897;t l&#7907;i th&#7871;.<\/li>\n<li>M&#7897;t ng&#432;&#7901;i ch&#7911; &#273;&#7897;ng, nh&#7841;y b&eacute;n v&agrave; l&agrave;m vi&#7879;c nh&oacute;m hi&#7879;u q&#7911;a.<\/li>\n<li>Kh&#7843; n&#259;ng l&agrave;m vi&#7879;c t&#7921; ch&#7911;.<\/li>\n<li>Kh&#7843; n&#259;ng gi&#7843;i quy&#7871;t v&#7845;n &#273;&#7873; v&agrave; k&#7929; n&#259;ng t&#432; duy ph&#7843;n bi&#7879;n.<\/li>\n<li>K&#7929; n&#259;ng qu&#7843;n l&yacute; th&#7901;i gian v&#7919;ng ch&#7855;c.<\/li>\n<li>Th&ocirc;ng th&#7841;o vi&#7871;t v&agrave; n&oacute;i ti&#7871;ng Anh<\/li>\n<\/ul><h6>Contact<\/h6><p>B&#7841;n c&oacute; th&#7875; g&#7917;i email cho ch&uacute;ng t&ocirc;i theo &#273;&#7883;a ch&#7881; <a><span class=\"sp-user\">hr<\/span><span class=\"sp-domain\">iptp.vn<\/span><\/a>. T&#7845;t c&#7843; s&#7869; &#273;&#432;&#7907;c ph&#7843;n h&#7891;i &#273;&#7847;y &#273;&#7911;. &#7912;ng vi&ecirc;n th&agrave;nh c&ocirc;ng s&#7869; &#273;&#432;&#7907;c li&ecirc;n l&#7841;c ngay sau &#273;&oacute; &#273;&#7875; s&#7855;p x&#7871;p m&#7897;t cu&#7897;c ph&#7887;ng v&#7845;n.<\/p>\n","protected":false},"excerpt":{"rendered":"<p>  Tr\u00e1ch nhi\u1ec7m ch\u00ednh c\u1ee7a v\u1ecb tr\u00ed n\u00e0y bao g\u1ed3m:  <\/p>\n<p> Ph\u00e1t tri\u1ec3n c\u00e1c ch\u01b0\u01a1ng tr\u00ecnh ph\u1ea7n m\u1ec1m v\u00e0 ti\u1ec7n \u00edch c\u1ee7a h\u1ec7 th\u1ed1ng ERP \/ CRM.<br \/>\n Xem x\u00e9t c\u00e1c code hi\u1ec7n t\u1ea1i v\u00e0 tr\u00ecnh b\u00e0y \u00fd t\u01b0\u1edfng \u0111&#8230;<\/p>\n","protected":false},"author":14,"featured_media":0,"parent":75,"menu_order":0,"comment_status":"closed","ping_status":"closed","template":"","meta":[],"acf":[],"aioseo_notices":[],"_links":{"self":[{"href":"https:\/\/www.iptp.net\/vi\/wp-json\/wp\/v2\/pages\/8711"}],"collection":[{"href":"https:\/\/www.iptp.net\/vi\/wp-json\/wp\/v2\/pages"}],"about":[{"href":"https:\/\/www.iptp.net\/vi\/wp-json\/wp\/v2\/types\/page"}],"author":[{"embeddable":true,"href":"https:\/\/www.iptp.net\/vi\/wp-json\/wp\/v2\/users\/14"}],"replies":[{"embeddable":true,"href":"https:\/\/www.iptp.net\/vi\/wp-json\/wp\/v2\/comments?post=8711"}],"version-history":[{"count":55,"href":"https:\/\/www.iptp.net\/vi\/wp-json\/wp\/v2\/pages\/8711\/revisions"}],"predecessor-version":[{"id":29877,"href":"https:\/\/www.iptp.net\/vi\/wp-json\/wp\/v2\/pages\/8711\/revisions\/29877"}],"up":[{"embeddable":true,"href":"https:\/\/www.iptp.net\/vi\/wp-json\/wp\/v2\/pages\/75"}],"wp:attachment":[{"href":"https:\/\/www.iptp.net\/vi\/wp-json\/wp\/v2\/media?parent=8711"}],"curies":[{"name":"wp","href":"https:\/\/api.w.org\/{rel}","templated":true}]}}